{"id":1333,"date":"2025-11-06T13:35:12","date_gmt":"2025-11-06T13:35:12","guid":{"rendered":"https:\/\/www.studiopolly.com\/?page_id=1333"},"modified":"2025-11-06T13:36:11","modified_gmt":"2025-11-06T13:36:11","slug":"politique-de-confidentialite","status":"publish","type":"page","link":"https:\/\/www.studiopolly.com\/fr\/politique-de-confidentialite\/","title":{"rendered":"Politique de confidentialit\u00e9"},"content":{"rendered":"\n<h1 class=\"wp-block-heading\">Politique de confidentialit\u00e9<\/h1>\n\n\n\n<p>Studio Polly (studiopolly.com) s\u2019engage \u00e0 prot\u00e9ger la vie priv\u00e9e des visiteurs de son site conform\u00e9ment au R\u00e8glement G\u00e9n\u00e9ral sur la Protection des Donn\u00e9es (RGPD) et \u00e0 la l\u00e9gislation fran\u00e7aise applicable.<\/p>\n\n\n\n<p>1- Responsable du traitement des donn\u00e9es<\/p>\n\n\n\n<p>Le responsable du traitement des donn\u00e9es personnelles est :<\/p>\n\n\n\n<p>SHAUL Polina et SHAUL Reuben<br>Email : info@studiopolly.com<\/p>\n\n\n\n<p>T\u00e9l\u00e9phone : +33 7 71 89 68 59<\/p>\n\n\n\n<p>Les donn\u00e9es sont trait\u00e9es uniquement par Studio Polly et ne sont pas transmises \u00e0 des tiers, sauf obligation l\u00e9gale.<\/p>\n\n\n\n<p>2- Donn\u00e9es collect\u00e9es<\/p>\n\n\n\n<p>Lorsque vous utilisez le formulaire de contact du site, nous collectons les informations suivantes :<\/p>\n\n\n\n<ul>\n<li>Nom et pr\u00e9nom<\/li>\n\n\n\n<li>Adresse email<\/li>\n\n\n\n<li>Message<\/li>\n<\/ul>\n\n\n\n<p>Ces informations sont collect\u00e9es uniquement pour r\u00e9pondre \u00e0 votre demande et pour permettre le bon fonctionnement de nos services.<\/p>\n\n\n\n<p>3- Finalit\u00e9 du traitement<\/p>\n\n\n\n<p>Les donn\u00e9es collect\u00e9es sont utilis\u00e9es uniquement pour :<\/p>\n\n\n\n<ul>\n<li>R\u00e9pondre \u00e0 vos questions et demandes de r\u00e9servation<\/li>\n\n\n\n<li>Vous fournir des informations sur nos services<\/li>\n\n\n\n<li>Am\u00e9liorer la navigation et le fonctionnement du site (via des statistiques anonymis\u00e9es)<\/li>\n<\/ul>\n\n\n\n<p>4- Conservation des donn\u00e9es<\/p>\n\n\n\n<p>Les informations que vous nous fournissez sont conserv\u00e9es uniquement le temps n\u00e9cessaire pour traiter votre demande.<br>Apr\u00e8s traitement, vos donn\u00e9es sont supprim\u00e9es de mani\u00e8re s\u00e9curis\u00e9e, sauf obligation l\u00e9gale de conservation.<\/p>\n\n\n\n<p>5 &#8211; Cookies et outils d\u2019analyse<\/p>\n\n\n\n<p>Le site peut utiliser des cookies et outils d\u2019analyse (comme Google Analytics) pour :<\/p>\n\n\n\n<ul>\n<li>Mesurer l\u2019audience du site<\/li>\n\n\n\n<li>Am\u00e9liorer l\u2019exp\u00e9rience utilisateur<\/li>\n<\/ul>\n\n\n\n<p>Vous pouvez refuser ou g\u00e9rer les cookies via la banni\u00e8re de consentement affich\u00e9e sur le site.<\/p>\n\n\n\n<p>6- Vos droits<\/p>\n\n\n\n<p>Conform\u00e9ment au RGPD, vous disposez des droits suivants :<\/p>\n\n\n\n<ul>\n<li>Acc\u00e8s \u00e0 vos donn\u00e9es personnelles<\/li>\n\n\n\n<li>Rectification en cas d\u2019erreur<\/li>\n\n\n\n<li>Effacement de vos donn\u00e9es<\/li>\n\n\n\n<li>Limitation ou opposition au traitement<\/li>\n\n\n\n<li>Portabilit\u00e9 de vos donn\u00e9es<\/li>\n<\/ul>\n\n\n\n<p>Pour exercer ces droits, contactez-nous \u00e0 : info@studiopolly.com<\/p>\n\n\n\n<p>Si vous estimez que vos droits ne sont pas respect\u00e9s, vous pouvez \u00e9galement contacter la CNIL : https:\/\/www.cnil.fr<\/p>\n\n\n\n<p>7- S\u00e9curit\u00e9<\/p>\n\n\n\n<p>Studio Polly prend toutes les mesures techniques et organisationnelles raisonnables pour prot\u00e9ger vos donn\u00e9es personnelles contre toute perte, alt\u00e9ration ou acc\u00e8s non autoris\u00e9.<\/p>\n","protected":false},"excerpt":{"rendered":"<p>Politique de confidentialit\u00e9 Studio Polly (studiopolly.com) s\u2019engage \u00e0 prot\u00e9ger la vie priv\u00e9e des visiteurs de son site conform\u00e9ment au R\u00e8glement G\u00e9n\u00e9ral sur la Protection des Donn\u00e9es (RGPD) et \u00e0 la l\u00e9gislation fran\u00e7aise applicable. 1- Responsable du traitement des donn\u00e9es Le responsable du traitement des donn\u00e9es personnelles est : SHAUL Polina et SHAUL ReubenEmail : info@studiopolly.com [&hellip;]<\/p>\n","protected":false},"author":1,"featured_media":0,"parent":0,"menu_order":0,"comment_status":"closed","ping_status":"closed","template":"","meta":{"footnotes":""},"acf":[],"yoast_head":"<!-- This site is optimized with the Yoast SEO plugin v21.1 - https:\/\/yoast.com\/wordpress\/plugins\/seo\/ -->\n<title>Politique de confidentialit\u00e9<\/title>\n<meta name=\"robots\" content=\"index, follow, max-snippet:-1, max-image-preview:large, max-video-preview:-1\" \/>\n<link rel=\"canonical\" href=\"https:\/\/www.studiopolly.com\/fr\/politique-de-confidentialite\/\" \/>\n<meta property=\"og:locale\" content=\"fr_FR\" \/>\n<meta property=\"og:type\" content=\"article\" \/>\n<meta property=\"og:title\" content=\"Politique de confidentialit\u00e9\" \/>\n<meta property=\"og:description\" content=\"Politique de confidentialit\u00e9 Studio Polly (studiopolly.com) s\u2019engage \u00e0 prot\u00e9ger la vie priv\u00e9e des visiteurs de son site conform\u00e9ment au R\u00e8glement G\u00e9n\u00e9ral sur la Protection des Donn\u00e9es (RGPD) et \u00e0 la l\u00e9gislation fran\u00e7aise applicable. 1- Responsable du traitement des donn\u00e9es Le responsable du traitement des donn\u00e9es personnelles est : SHAUL Polina et SHAUL ReubenEmail : info@studiopolly.com [&hellip;]\" \/>\n<meta property=\"og:url\" content=\"https:\/\/www.studiopolly.com\/fr\/politique-de-confidentialite\/\" \/>\n<meta property=\"og:site_name\" content=\"Studio Polly - Story Telling\" \/>\n<meta property=\"article:modified_time\" content=\"2025-11-06T13:36:11+00:00\" \/>\n<meta name=\"twitter:card\" content=\"summary_large_image\" \/>\n<meta name=\"twitter:label1\" content=\"Dur\u00e9e de lecture estim\u00e9e\" \/>\n\t<meta name=\"twitter:data1\" content=\"2 minutes\" \/>\n<script type=\"application\/ld+json\" class=\"yoast-schema-graph\">{\"@context\":\"https:\/\/schema.org\",\"@graph\":[{\"@type\":\"WebPage\",\"@id\":\"https:\/\/www.studiopolly.com\/fr\/politique-de-confidentialite\/\",\"url\":\"https:\/\/www.studiopolly.com\/fr\/politique-de-confidentialite\/\",\"name\":\"Politique de confidentialit\u00e9\",\"isPartOf\":{\"@id\":\"https:\/\/www.studiopolly.com\/fr\/#website\"},\"datePublished\":\"2025-11-06T13:35:12+00:00\",\"dateModified\":\"2025-11-06T13:36:11+00:00\",\"breadcrumb\":{\"@id\":\"https:\/\/www.studiopolly.com\/fr\/politique-de-confidentialite\/#breadcrumb\"},\"inLanguage\":\"fr-FR\",\"potentialAction\":[{\"@type\":\"ReadAction\",\"target\":[\"https:\/\/www.studiopolly.com\/fr\/politique-de-confidentialite\/\"]}]},{\"@type\":\"BreadcrumbList\",\"@id\":\"https:\/\/www.studiopolly.com\/fr\/politique-de-confidentialite\/#breadcrumb\",\"itemListElement\":[{\"@type\":\"ListItem\",\"position\":1,\"name\":\"Home\",\"item\":\"https:\/\/www.studiopolly.com\/fr\/\"},{\"@type\":\"ListItem\",\"position\":2,\"name\":\"Politique de confidentialit\u00e9\"}]},{\"@type\":\"WebSite\",\"@id\":\"https:\/\/www.studiopolly.com\/fr\/#website\",\"url\":\"https:\/\/www.studiopolly.com\/fr\/\",\"name\":\"Studio Polly - Story Telling\",\"description\":\"Family photography in the French Alps\",\"publisher\":{\"@id\":\"https:\/\/www.studiopolly.com\/fr\/#organization\"},\"potentialAction\":[{\"@type\":\"SearchAction\",\"target\":{\"@type\":\"EntryPoint\",\"urlTemplate\":\"https:\/\/www.studiopolly.com\/fr\/?s={search_term_string}\"},\"query-input\":\"required name=search_term_string\"}],\"inLanguage\":\"fr-FR\"},{\"@type\":\"Organization\",\"@id\":\"https:\/\/www.studiopolly.com\/fr\/#organization\",\"name\":\"Studio Polly - Story Telling\",\"url\":\"https:\/\/www.studiopolly.com\/fr\/\",\"logo\":{\"@type\":\"ImageObject\",\"inLanguage\":\"fr-FR\",\"@id\":\"https:\/\/www.studiopolly.com\/fr\/#\/schema\/logo\/image\/\",\"url\":\"https:\/\/www.studiopolly.com\/wp-content\/uploads\/2018\/12\/logo_studio_polly_round.png\",\"contentUrl\":\"https:\/\/www.studiopolly.com\/wp-content\/uploads\/2018\/12\/logo_studio_polly_round.png\",\"width\":340,\"height\":340,\"caption\":\"Studio Polly - Story Telling\"},\"image\":{\"@id\":\"https:\/\/www.studiopolly.com\/fr\/#\/schema\/logo\/image\/\"}}]}<\/script>\n<!-- \/ Yoast SEO plugin. -->","yoast_head_json":{"title":"Politique de confidentialit\u00e9","robots":{"index":"index","follow":"follow","max-snippet":"max-snippet:-1","max-image-preview":"max-image-preview:large","max-video-preview":"max-video-preview:-1"},"canonical":"https:\/\/www.studiopolly.com\/fr\/politique-de-confidentialite\/","og_locale":"fr_FR","og_type":"article","og_title":"Politique de confidentialit\u00e9","og_description":"Politique de confidentialit\u00e9 Studio Polly (studiopolly.com) s\u2019engage \u00e0 prot\u00e9ger la vie priv\u00e9e des visiteurs de son site conform\u00e9ment au R\u00e8glement G\u00e9n\u00e9ral sur la Protection des Donn\u00e9es (RGPD) et \u00e0 la l\u00e9gislation fran\u00e7aise applicable. 1- Responsable du traitement des donn\u00e9es Le responsable du traitement des donn\u00e9es personnelles est : SHAUL Polina et SHAUL ReubenEmail : info@studiopolly.com [&hellip;]","og_url":"https:\/\/www.studiopolly.com\/fr\/politique-de-confidentialite\/","og_site_name":"Studio Polly - Story Telling","article_modified_time":"2025-11-06T13:36:11+00:00","twitter_card":"summary_large_image","twitter_misc":{"Dur\u00e9e de lecture estim\u00e9e":"2 minutes"},"schema":{"@context":"https:\/\/schema.org","@graph":[{"@type":"WebPage","@id":"https:\/\/www.studiopolly.com\/fr\/politique-de-confidentialite\/","url":"https:\/\/www.studiopolly.com\/fr\/politique-de-confidentialite\/","name":"Politique de confidentialit\u00e9","isPartOf":{"@id":"https:\/\/www.studiopolly.com\/fr\/#website"},"datePublished":"2025-11-06T13:35:12+00:00","dateModified":"2025-11-06T13:36:11+00:00","breadcrumb":{"@id":"https:\/\/www.studiopolly.com\/fr\/politique-de-confidentialite\/#breadcrumb"},"inLanguage":"fr-FR","potentialAction":[{"@type":"ReadAction","target":["https:\/\/www.studiopolly.com\/fr\/politique-de-confidentialite\/"]}]},{"@type":"BreadcrumbList","@id":"https:\/\/www.studiopolly.com\/fr\/politique-de-confidentialite\/#breadcrumb","itemListElement":[{"@type":"ListItem","position":1,"name":"Home","item":"https:\/\/www.studiopolly.com\/fr\/"},{"@type":"ListItem","position":2,"name":"Politique de confidentialit\u00e9"}]},{"@type":"WebSite","@id":"https:\/\/www.studiopolly.com\/fr\/#website","url":"https:\/\/www.studiopolly.com\/fr\/","name":"Studio Polly - Story Telling","description":"Family photography in the French Alps","publisher":{"@id":"https:\/\/www.studiopolly.com\/fr\/#organization"},"potentialAction":[{"@type":"SearchAction","target":{"@type":"EntryPoint","urlTemplate":"https:\/\/www.studiopolly.com\/fr\/?s={search_term_string}"},"query-input":"required name=search_term_string"}],"inLanguage":"fr-FR"},{"@type":"Organization","@id":"https:\/\/www.studiopolly.com\/fr\/#organization","name":"Studio Polly - Story Telling","url":"https:\/\/www.studiopolly.com\/fr\/","logo":{"@type":"ImageObject","inLanguage":"fr-FR","@id":"https:\/\/www.studiopolly.com\/fr\/#\/schema\/logo\/image\/","url":"https:\/\/www.studiopolly.com\/wp-content\/uploads\/2018\/12\/logo_studio_polly_round.png","contentUrl":"https:\/\/www.studiopolly.com\/wp-content\/uploads\/2018\/12\/logo_studio_polly_round.png","width":340,"height":340,"caption":"Studio Polly - Story Telling"},"image":{"@id":"https:\/\/www.studiopolly.com\/fr\/#\/schema\/logo\/image\/"}}]}},"_links":{"self":[{"href":"https:\/\/www.studiopolly.com\/fr\/wp-json\/wp\/v2\/pages\/1333"}],"collection":[{"href":"https:\/\/www.studiopolly.com\/fr\/wp-json\/wp\/v2\/pages"}],"about":[{"href":"https:\/\/www.studiopolly.com\/fr\/wp-json\/wp\/v2\/types\/page"}],"author":[{"embeddable":true,"href":"https:\/\/www.studiopolly.com\/fr\/wp-json\/wp\/v2\/users\/1"}],"replies":[{"embeddable":true,"href":"https:\/\/www.studiopolly.com\/fr\/wp-json\/wp\/v2\/comments?post=1333"}],"version-history":[{"count":2,"href":"https:\/\/www.studiopolly.com\/fr\/wp-json\/wp\/v2\/pages\/1333\/revisions"}],"predecessor-version":[{"id":1336,"href":"https:\/\/www.studiopolly.com\/fr\/wp-json\/wp\/v2\/pages\/1333\/revisions\/1336"}],"wp:attachment":[{"href":"https:\/\/www.studiopolly.com\/fr\/wp-json\/wp\/v2\/media?parent=1333"}],"curies":[{"name":"wp","href":"https:\/\/api.w.org\/{rel}","templated":true}]}}