{"id":1331,"date":"2025-11-06T13:33:40","date_gmt":"2025-11-06T13:33:40","guid":{"rendered":"https:\/\/www.studiopolly.com\/?page_id=1331"},"modified":"2025-11-06T13:33:41","modified_gmt":"2025-11-06T13:33:41","slug":"mentions-legales","status":"publish","type":"page","link":"https:\/\/www.studiopolly.com\/fr\/mentions-legales\/","title":{"rendered":"Mentions l\u00e9gales"},"content":{"rendered":"\n<h1 class=\"wp-block-heading\">Mentions l\u00e9gales<\/h1>\n\n\n\n<p><strong>\u00c9diteur du site<br><\/strong>Le site Studio Polly est \u00e9dit\u00e9 par :<\/p>\n\n\n\n<p>SHAUL Polina<br>Auto-entrepreneur<br>SIRET : 833 888 084 00039<br>Adresse : Morzine<br>Email : info@studiopolly.com<\/p>\n\n\n\n<p>T\u00e9l\u00e9phone : +33 7 71 89 68 59<\/p>\n\n\n\n<p>SHAUL Reuben<br>Auto-entrepreneur<br>SIRET : 830 793 352 00030<\/p>\n\n\n\n<p>Directeur de la publication : SHAUL Polina<\/p>\n\n\n\n<p><strong>H\u00e9bergeur<\/strong><br>Le site est h\u00e9berg\u00e9 par :<br>Namecheap Inc.<br>Adresse : 4600 East Washington Street, Suite 305, Phoenix, AZ 85034, USA<br>Site web : https:\/\/www.namecheap.com<\/p>\n\n\n\n<p><strong>Propri\u00e9t\u00e9 intellectuelle<\/strong><br>Toutes les photographies et contenus pr\u00e9sents sur ce site sont la propri\u00e9t\u00e9 exclusive de Studio Polly et ne peuvent \u00eatre reproduits, copi\u00e9s, modifi\u00e9s ou utilis\u00e9s sans autorisation pr\u00e9alable \u00e9crite de Studio Polly.<\/p>\n\n\n\n<p><strong>Collecte et traitement des donn\u00e9es personnelles<br><\/strong>Conform\u00e9ment \u00e0 la l\u00e9gislation fran\u00e7aise et au RGPD, les donn\u00e9es collect\u00e9es via le formulaire de contact (nom, pr\u00e9nom, adresse email, message) sont utilis\u00e9es uniquement pour r\u00e9pondre aux demandes des utilisateurs.<br>Ces donn\u00e9es ne sont pas communiqu\u00e9es \u00e0 des tiers et sont conserv\u00e9es uniquement le temps n\u00e9cessaire pour traiter la demande.<\/p>\n\n\n\n<p>Vous pouvez \u00e0 tout moment demander la suppression de vos donn\u00e9es en envoyant un email \u00e0 : info@studiopolly.com<\/p>\n\n\n\n<p><strong>Cookies et suivi<br><\/strong>Le site peut utiliser des cookies et outils d\u2019analyse pour am\u00e9liorer la navigation et suivre les statistiques de visites.<br>Les visiteurs ont la possibilit\u00e9 d\u2019accepter ou de refuser ces cookies via la banni\u00e8re de consentement affich\u00e9e sur le site.<\/p>\n\n\n\n<p><strong>Contact<br><\/strong>Pour toute question relative aux mentions l\u00e9gales, aux donn\u00e9es personnelles ou au contenu du site :<br>Email : info@studiopolly.com<\/p>\n\n\n\n<p>T\u00e9l\u00e9phone : +33 7 71 89 68 59<\/p>\n","protected":false},"excerpt":{"rendered":"<p>Mentions l\u00e9gales \u00c9diteur du siteLe site Studio Polly est \u00e9dit\u00e9 par : SHAUL PolinaAuto-entrepreneurSIRET : 833 888 084 00039Adresse : MorzineEmail : info@studiopolly.com T\u00e9l\u00e9phone : +33 7 71 89 68 59 SHAUL ReubenAuto-entrepreneurSIRET : 830 793 352 00030 Directeur de la publication : SHAUL Polina H\u00e9bergeurLe site est h\u00e9berg\u00e9 par :Namecheap Inc.Adresse : 4600 East [&hellip;]<\/p>\n","protected":false},"author":1,"featured_media":0,"parent":0,"menu_order":0,"comment_status":"closed","ping_status":"closed","template":"","meta":{"footnotes":""},"acf":[],"yoast_head":"<!-- This site is optimized with the Yoast SEO plugin v21.1 - https:\/\/yoast.com\/wordpress\/plugins\/seo\/ -->\n<title>Mentions l\u00e9gales<\/title>\n<meta name=\"robots\" content=\"index, follow, max-snippet:-1, max-image-preview:large, max-video-preview:-1\" \/>\n<link rel=\"canonical\" href=\"https:\/\/www.studiopolly.com\/fr\/mentions-legales\/\" \/>\n<meta property=\"og:locale\" content=\"fr_FR\" \/>\n<meta property=\"og:type\" content=\"article\" \/>\n<meta property=\"og:title\" content=\"Mentions l\u00e9gales\" \/>\n<meta property=\"og:description\" content=\"Mentions l\u00e9gales \u00c9diteur du siteLe site Studio Polly est \u00e9dit\u00e9 par : SHAUL PolinaAuto-entrepreneurSIRET : 833 888 084 00039Adresse : MorzineEmail : info@studiopolly.com T\u00e9l\u00e9phone : +33 7 71 89 68 59 SHAUL ReubenAuto-entrepreneurSIRET : 830 793 352 00030 Directeur de la publication : SHAUL Polina H\u00e9bergeurLe site est h\u00e9berg\u00e9 par :Namecheap Inc.Adresse : 4600 East [&hellip;]\" \/>\n<meta property=\"og:url\" content=\"https:\/\/www.studiopolly.com\/fr\/mentions-legales\/\" \/>\n<meta property=\"og:site_name\" content=\"Studio Polly - Story Telling\" \/>\n<meta property=\"article:modified_time\" content=\"2025-11-06T13:33:41+00:00\" \/>\n<meta name=\"twitter:card\" content=\"summary_large_image\" \/>\n<meta name=\"twitter:label1\" content=\"Dur\u00e9e de lecture estim\u00e9e\" \/>\n\t<meta name=\"twitter:data1\" content=\"2 minutes\" \/>\n<script type=\"application\/ld+json\" class=\"yoast-schema-graph\">{\"@context\":\"https:\/\/schema.org\",\"@graph\":[{\"@type\":\"WebPage\",\"@id\":\"https:\/\/www.studiopolly.com\/fr\/mentions-legales\/\",\"url\":\"https:\/\/www.studiopolly.com\/fr\/mentions-legales\/\",\"name\":\"Mentions l\u00e9gales\",\"isPartOf\":{\"@id\":\"https:\/\/www.studiopolly.com\/fr\/#website\"},\"datePublished\":\"2025-11-06T13:33:40+00:00\",\"dateModified\":\"2025-11-06T13:33:41+00:00\",\"breadcrumb\":{\"@id\":\"https:\/\/www.studiopolly.com\/fr\/mentions-legales\/#breadcrumb\"},\"inLanguage\":\"fr-FR\",\"potentialAction\":[{\"@type\":\"ReadAction\",\"target\":[\"https:\/\/www.studiopolly.com\/fr\/mentions-legales\/\"]}]},{\"@type\":\"BreadcrumbList\",\"@id\":\"https:\/\/www.studiopolly.com\/fr\/mentions-legales\/#breadcrumb\",\"itemListElement\":[{\"@type\":\"ListItem\",\"position\":1,\"name\":\"Home\",\"item\":\"https:\/\/www.studiopolly.com\/fr\/\"},{\"@type\":\"ListItem\",\"position\":2,\"name\":\"Mentions l\u00e9gales\"}]},{\"@type\":\"WebSite\",\"@id\":\"https:\/\/www.studiopolly.com\/fr\/#website\",\"url\":\"https:\/\/www.studiopolly.com\/fr\/\",\"name\":\"Studio Polly - Story Telling\",\"description\":\"Family photography in the French Alps\",\"publisher\":{\"@id\":\"https:\/\/www.studiopolly.com\/fr\/#organization\"},\"potentialAction\":[{\"@type\":\"SearchAction\",\"target\":{\"@type\":\"EntryPoint\",\"urlTemplate\":\"https:\/\/www.studiopolly.com\/fr\/?s={search_term_string}\"},\"query-input\":\"required name=search_term_string\"}],\"inLanguage\":\"fr-FR\"},{\"@type\":\"Organization\",\"@id\":\"https:\/\/www.studiopolly.com\/fr\/#organization\",\"name\":\"Studio Polly - Story Telling\",\"url\":\"https:\/\/www.studiopolly.com\/fr\/\",\"logo\":{\"@type\":\"ImageObject\",\"inLanguage\":\"fr-FR\",\"@id\":\"https:\/\/www.studiopolly.com\/fr\/#\/schema\/logo\/image\/\",\"url\":\"https:\/\/www.studiopolly.com\/wp-content\/uploads\/2018\/12\/logo_studio_polly_round.png\",\"contentUrl\":\"https:\/\/www.studiopolly.com\/wp-content\/uploads\/2018\/12\/logo_studio_polly_round.png\",\"width\":340,\"height\":340,\"caption\":\"Studio Polly - Story Telling\"},\"image\":{\"@id\":\"https:\/\/www.studiopolly.com\/fr\/#\/schema\/logo\/image\/\"}}]}<\/script>\n<!-- \/ Yoast SEO plugin. -->","yoast_head_json":{"title":"Mentions l\u00e9gales","robots":{"index":"index","follow":"follow","max-snippet":"max-snippet:-1","max-image-preview":"max-image-preview:large","max-video-preview":"max-video-preview:-1"},"canonical":"https:\/\/www.studiopolly.com\/fr\/mentions-legales\/","og_locale":"fr_FR","og_type":"article","og_title":"Mentions l\u00e9gales","og_description":"Mentions l\u00e9gales \u00c9diteur du siteLe site Studio Polly est \u00e9dit\u00e9 par : SHAUL PolinaAuto-entrepreneurSIRET : 833 888 084 00039Adresse : MorzineEmail : info@studiopolly.com T\u00e9l\u00e9phone : +33 7 71 89 68 59 SHAUL ReubenAuto-entrepreneurSIRET : 830 793 352 00030 Directeur de la publication : SHAUL Polina H\u00e9bergeurLe site est h\u00e9berg\u00e9 par :Namecheap Inc.Adresse : 4600 East [&hellip;]","og_url":"https:\/\/www.studiopolly.com\/fr\/mentions-legales\/","og_site_name":"Studio Polly - Story Telling","article_modified_time":"2025-11-06T13:33:41+00:00","twitter_card":"summary_large_image","twitter_misc":{"Dur\u00e9e de lecture estim\u00e9e":"2 minutes"},"schema":{"@context":"https:\/\/schema.org","@graph":[{"@type":"WebPage","@id":"https:\/\/www.studiopolly.com\/fr\/mentions-legales\/","url":"https:\/\/www.studiopolly.com\/fr\/mentions-legales\/","name":"Mentions l\u00e9gales","isPartOf":{"@id":"https:\/\/www.studiopolly.com\/fr\/#website"},"datePublished":"2025-11-06T13:33:40+00:00","dateModified":"2025-11-06T13:33:41+00:00","breadcrumb":{"@id":"https:\/\/www.studiopolly.com\/fr\/mentions-legales\/#breadcrumb"},"inLanguage":"fr-FR","potentialAction":[{"@type":"ReadAction","target":["https:\/\/www.studiopolly.com\/fr\/mentions-legales\/"]}]},{"@type":"BreadcrumbList","@id":"https:\/\/www.studiopolly.com\/fr\/mentions-legales\/#breadcrumb","itemListElement":[{"@type":"ListItem","position":1,"name":"Home","item":"https:\/\/www.studiopolly.com\/fr\/"},{"@type":"ListItem","position":2,"name":"Mentions l\u00e9gales"}]},{"@type":"WebSite","@id":"https:\/\/www.studiopolly.com\/fr\/#website","url":"https:\/\/www.studiopolly.com\/fr\/","name":"Studio Polly - Story Telling","description":"Family photography in the French Alps","publisher":{"@id":"https:\/\/www.studiopolly.com\/fr\/#organization"},"potentialAction":[{"@type":"SearchAction","target":{"@type":"EntryPoint","urlTemplate":"https:\/\/www.studiopolly.com\/fr\/?s={search_term_string}"},"query-input":"required name=search_term_string"}],"inLanguage":"fr-FR"},{"@type":"Organization","@id":"https:\/\/www.studiopolly.com\/fr\/#organization","name":"Studio Polly - Story Telling","url":"https:\/\/www.studiopolly.com\/fr\/","logo":{"@type":"ImageObject","inLanguage":"fr-FR","@id":"https:\/\/www.studiopolly.com\/fr\/#\/schema\/logo\/image\/","url":"https:\/\/www.studiopolly.com\/wp-content\/uploads\/2018\/12\/logo_studio_polly_round.png","contentUrl":"https:\/\/www.studiopolly.com\/wp-content\/uploads\/2018\/12\/logo_studio_polly_round.png","width":340,"height":340,"caption":"Studio Polly - Story Telling"},"image":{"@id":"https:\/\/www.studiopolly.com\/fr\/#\/schema\/logo\/image\/"}}]}},"_links":{"self":[{"href":"https:\/\/www.studiopolly.com\/fr\/wp-json\/wp\/v2\/pages\/1331"}],"collection":[{"href":"https:\/\/www.studiopolly.com\/fr\/wp-json\/wp\/v2\/pages"}],"about":[{"href":"https:\/\/www.studiopolly.com\/fr\/wp-json\/wp\/v2\/types\/page"}],"author":[{"embeddable":true,"href":"https:\/\/www.studiopolly.com\/fr\/wp-json\/wp\/v2\/users\/1"}],"replies":[{"embeddable":true,"href":"https:\/\/www.studiopolly.com\/fr\/wp-json\/wp\/v2\/comments?post=1331"}],"version-history":[{"count":1,"href":"https:\/\/www.studiopolly.com\/fr\/wp-json\/wp\/v2\/pages\/1331\/revisions"}],"predecessor-version":[{"id":1332,"href":"https:\/\/www.studiopolly.com\/fr\/wp-json\/wp\/v2\/pages\/1331\/revisions\/1332"}],"wp:attachment":[{"href":"https:\/\/www.studiopolly.com\/fr\/wp-json\/wp\/v2\/media?parent=1331"}],"curies":[{"name":"wp","href":"https:\/\/api.w.org\/{rel}","templated":true}]}}