{"id":1320,"date":"2025-11-06T12:10:06","date_gmt":"2025-11-06T12:10:06","guid":{"rendered":"https:\/\/www.studiopolly.com\/?page_id=1320"},"modified":"2025-11-14T10:13:36","modified_gmt":"2025-11-14T10:13:36","slug":"a-propos","status":"publish","type":"page","link":"https:\/\/www.studiopolly.com\/fr\/a-propos\/","title":{"rendered":"A propos"},"content":{"rendered":"\n<h1 class=\"wp-block-heading\">\u00c0 propos de nous<\/h1>\n\n\n\n<p>Nous sommes un couple install\u00e9 \u00e0 Morzine, une jolie ville de montagne dans les Alpes fran\u00e7aises, avec nos deux petits gar\u00e7ons.<\/p>\n\n\n\n<p>Nous nous sommes rencontr\u00e9s en 2015 en photographiant un mariage, et nous travaillons ensemble depuis ce jour. La photo est notre passion commune depuis plus de dix ans \u2014 nous racontons des histoires d\u2019amour et de famille \u00e0 travers notre objectif depuis 2012, et cela continue de nous faire vibrer chaque jour.<\/p>\n\n\n\n<figure class=\"wp-block-image size-large\"><img decoding=\"async\" loading=\"lazy\" width=\"819\" height=\"1024\" src=\"https:\/\/www.studiopolly.com\/wp-content\/uploads\/2025\/11\/B44A0254-819x1024.jpg\" alt=\"Lac des Mines d'Or Morzine Family \" class=\"wp-image-1466\" srcset=\"https:\/\/www.studiopolly.com\/wp-content\/uploads\/2025\/11\/B44A0254-819x1024.jpg 819w, https:\/\/www.studiopolly.com\/wp-content\/uploads\/2025\/11\/B44A0254-240x300.jpg 240w, https:\/\/www.studiopolly.com\/wp-content\/uploads\/2025\/11\/B44A0254-768x960.jpg 768w, https:\/\/www.studiopolly.com\/wp-content\/uploads\/2025\/11\/B44A0254-1229x1536.jpg 1229w, https:\/\/www.studiopolly.com\/wp-content\/uploads\/2025\/11\/B44A0254-1638x2048.jpg 1638w, https:\/\/www.studiopolly.com\/wp-content\/uploads\/2025\/11\/B44A0254-scaled.jpg 2048w\" sizes=\"(max-width: 819px) 100vw, 819px\" \/><\/figure>\n\n\n\n<p>C\u2019est l\u00e0 que tout a commenc\u00e9, mais depuis que nous sommes devenus parents, photographier la vie de famille a pris une toute autre dimension. <strong>On sait \u00e0 quel point le temps passe vite \u2014 une grossesse file en un \u00e9clair, de petits pieds commencent \u00e0 courir, et les instants partag\u00e9s avec les grands-parents ou les cousins deviennent rares et pr\u00e9cieux.<\/strong><\/p>\n\n\n\n<p>Nous photographions toute l\u2019ann\u00e9e dans les Alpes \u2014 des hivers enneig\u00e9s et premi\u00e8res descentes \u00e0 ski, aux journ\u00e9es d\u2019\u00e9t\u00e9 baign\u00e9es de soleil, en passant par la beaut\u00e9 douce et silencieuse de l\u2019intersaison (notre p\u00e9riode pr\u00e9f\u00e9r\u00e9e !). Nous aimons aussi voyager : \u00e0 Chamonix, Gen\u00e8ve, Annecy, ou plus loin encore. Et nous adorons photographier les familles chez elles, dans leur univers, l\u00e0 o\u00f9 la vie se d\u00e9roule naturellement.<\/p>\n\n\n\n<figure class=\"wp-block-image size-large\"><img decoding=\"async\" loading=\"lazy\" width=\"1024\" height=\"683\" src=\"https:\/\/www.studiopolly.com\/wp-content\/uploads\/2025\/11\/wedding-morzine-french-alps-photographer-videographer-1024x683.jpg\" alt=\"\" class=\"wp-image-1472\" srcset=\"https:\/\/www.studiopolly.com\/wp-content\/uploads\/2025\/11\/wedding-morzine-french-alps-photographer-videographer-1024x683.jpg 1024w, https:\/\/www.studiopolly.com\/wp-content\/uploads\/2025\/11\/wedding-morzine-french-alps-photographer-videographer-300x200.jpg 300w, https:\/\/www.studiopolly.com\/wp-content\/uploads\/2025\/11\/wedding-morzine-french-alps-photographer-videographer-768x512.jpg 768w, https:\/\/www.studiopolly.com\/wp-content\/uploads\/2025\/11\/wedding-morzine-french-alps-photographer-videographer.jpg 1200w\" sizes=\"(max-width: 1024px) 100vw, 1024px\" \/><\/figure>\n\n\n\n<p>Nos s\u00e9ances sont simples, d\u00e9tendues, et centr\u00e9es sur la connexion vraie. M\u00eame si vous \u00eates un peu timide face \u00e0 l\u2019objectif, on saura vous guider en douceur \u2014 pour que vous profitiez pleinement du moment et repartiez avec des souvenirs authentiques \u00e0 ch\u00e9rir pour toujours.<\/p>\n","protected":false},"excerpt":{"rendered":"<p>\u00c0 propos de nous Nous sommes un couple install\u00e9 \u00e0 Morzine, une jolie ville de montagne dans les Alpes fran\u00e7aises, avec nos deux petits gar\u00e7ons. Nous nous sommes rencontr\u00e9s en 2015 en photographiant un mariage, et nous travaillons ensemble depuis ce jour. La photo est notre passion commune depuis plus de dix ans \u2014 nous [&hellip;]<\/p>\n","protected":false},"author":1,"featured_media":0,"parent":0,"menu_order":0,"comment_status":"closed","ping_status":"closed","template":"","meta":{"footnotes":""},"acf":[],"yoast_head":"<!-- This site is optimized with the Yoast SEO plugin v21.1 - https:\/\/yoast.com\/wordpress\/plugins\/seo\/ -->\n<title>A propos<\/title>\n<meta name=\"robots\" content=\"index, follow, max-snippet:-1, max-image-preview:large, max-video-preview:-1\" \/>\n<link rel=\"canonical\" href=\"https:\/\/www.studiopolly.com\/fr\/a-propos\/\" \/>\n<meta property=\"og:locale\" content=\"fr_FR\" \/>\n<meta property=\"og:type\" content=\"article\" \/>\n<meta property=\"og:title\" content=\"A propos\" \/>\n<meta property=\"og:description\" content=\"\u00c0 propos de nous Nous sommes un couple install\u00e9 \u00e0 Morzine, une jolie ville de montagne dans les Alpes fran\u00e7aises, avec nos deux petits gar\u00e7ons. Nous nous sommes rencontr\u00e9s en 2015 en photographiant un mariage, et nous travaillons ensemble depuis ce jour. La photo est notre passion commune depuis plus de dix ans \u2014 nous [&hellip;]\" \/>\n<meta property=\"og:url\" content=\"https:\/\/www.studiopolly.com\/fr\/a-propos\/\" \/>\n<meta property=\"og:site_name\" content=\"Studio Polly - Story Telling\" \/>\n<meta property=\"article:modified_time\" content=\"2025-11-14T10:13:36+00:00\" \/>\n<meta property=\"og:image\" content=\"https:\/\/www.studiopolly.com\/wp-content\/uploads\/2025\/11\/B44A0254-819x1024.jpg\" \/>\n<meta name=\"twitter:card\" content=\"summary_large_image\" \/>\n<meta name=\"twitter:label1\" content=\"Dur\u00e9e de lecture estim\u00e9e\" \/>\n\t<meta name=\"twitter:data1\" content=\"2 minutes\" \/>\n<script type=\"application\/ld+json\" class=\"yoast-schema-graph\">{\"@context\":\"https:\/\/schema.org\",\"@graph\":[{\"@type\":\"WebPage\",\"@id\":\"https:\/\/www.studiopolly.com\/fr\/a-propos\/\",\"url\":\"https:\/\/www.studiopolly.com\/fr\/a-propos\/\",\"name\":\"A propos\",\"isPartOf\":{\"@id\":\"https:\/\/www.studiopolly.com\/fr\/#website\"},\"datePublished\":\"2025-11-06T12:10:06+00:00\",\"dateModified\":\"2025-11-14T10:13:36+00:00\",\"breadcrumb\":{\"@id\":\"https:\/\/www.studiopolly.com\/fr\/a-propos\/#breadcrumb\"},\"inLanguage\":\"fr-FR\",\"potentialAction\":[{\"@type\":\"ReadAction\",\"target\":[\"https:\/\/www.studiopolly.com\/fr\/a-propos\/\"]}]},{\"@type\":\"BreadcrumbList\",\"@id\":\"https:\/\/www.studiopolly.com\/fr\/a-propos\/#breadcrumb\",\"itemListElement\":[{\"@type\":\"ListItem\",\"position\":1,\"name\":\"Home\",\"item\":\"https:\/\/www.studiopolly.com\/fr\/\"},{\"@type\":\"ListItem\",\"position\":2,\"name\":\"A propos\"}]},{\"@type\":\"WebSite\",\"@id\":\"https:\/\/www.studiopolly.com\/fr\/#website\",\"url\":\"https:\/\/www.studiopolly.com\/fr\/\",\"name\":\"Studio Polly - Story Telling\",\"description\":\"Family photography in the French Alps\",\"publisher\":{\"@id\":\"https:\/\/www.studiopolly.com\/fr\/#organization\"},\"potentialAction\":[{\"@type\":\"SearchAction\",\"target\":{\"@type\":\"EntryPoint\",\"urlTemplate\":\"https:\/\/www.studiopolly.com\/fr\/?s={search_term_string}\"},\"query-input\":\"required name=search_term_string\"}],\"inLanguage\":\"fr-FR\"},{\"@type\":\"Organization\",\"@id\":\"https:\/\/www.studiopolly.com\/fr\/#organization\",\"name\":\"Studio Polly - Story Telling\",\"url\":\"https:\/\/www.studiopolly.com\/fr\/\",\"logo\":{\"@type\":\"ImageObject\",\"inLanguage\":\"fr-FR\",\"@id\":\"https:\/\/www.studiopolly.com\/fr\/#\/schema\/logo\/image\/\",\"url\":\"https:\/\/www.studiopolly.com\/wp-content\/uploads\/2018\/12\/logo_studio_polly_round.png\",\"contentUrl\":\"https:\/\/www.studiopolly.com\/wp-content\/uploads\/2018\/12\/logo_studio_polly_round.png\",\"width\":340,\"height\":340,\"caption\":\"Studio Polly - Story Telling\"},\"image\":{\"@id\":\"https:\/\/www.studiopolly.com\/fr\/#\/schema\/logo\/image\/\"}}]}<\/script>\n<!-- \/ Yoast SEO plugin. -->","yoast_head_json":{"title":"A propos","robots":{"index":"index","follow":"follow","max-snippet":"max-snippet:-1","max-image-preview":"max-image-preview:large","max-video-preview":"max-video-preview:-1"},"canonical":"https:\/\/www.studiopolly.com\/fr\/a-propos\/","og_locale":"fr_FR","og_type":"article","og_title":"A propos","og_description":"\u00c0 propos de nous Nous sommes un couple install\u00e9 \u00e0 Morzine, une jolie ville de montagne dans les Alpes fran\u00e7aises, avec nos deux petits gar\u00e7ons. Nous nous sommes rencontr\u00e9s en 2015 en photographiant un mariage, et nous travaillons ensemble depuis ce jour. La photo est notre passion commune depuis plus de dix ans \u2014 nous [&hellip;]","og_url":"https:\/\/www.studiopolly.com\/fr\/a-propos\/","og_site_name":"Studio Polly - Story Telling","article_modified_time":"2025-11-14T10:13:36+00:00","og_image":[{"url":"https:\/\/www.studiopolly.com\/wp-content\/uploads\/2025\/11\/B44A0254-819x1024.jpg"}],"twitter_card":"summary_large_image","twitter_misc":{"Dur\u00e9e de lecture estim\u00e9e":"2 minutes"},"schema":{"@context":"https:\/\/schema.org","@graph":[{"@type":"WebPage","@id":"https:\/\/www.studiopolly.com\/fr\/a-propos\/","url":"https:\/\/www.studiopolly.com\/fr\/a-propos\/","name":"A propos","isPartOf":{"@id":"https:\/\/www.studiopolly.com\/fr\/#website"},"datePublished":"2025-11-06T12:10:06+00:00","dateModified":"2025-11-14T10:13:36+00:00","breadcrumb":{"@id":"https:\/\/www.studiopolly.com\/fr\/a-propos\/#breadcrumb"},"inLanguage":"fr-FR","potentialAction":[{"@type":"ReadAction","target":["https:\/\/www.studiopolly.com\/fr\/a-propos\/"]}]},{"@type":"BreadcrumbList","@id":"https:\/\/www.studiopolly.com\/fr\/a-propos\/#breadcrumb","itemListElement":[{"@type":"ListItem","position":1,"name":"Home","item":"https:\/\/www.studiopolly.com\/fr\/"},{"@type":"ListItem","position":2,"name":"A propos"}]},{"@type":"WebSite","@id":"https:\/\/www.studiopolly.com\/fr\/#website","url":"https:\/\/www.studiopolly.com\/fr\/","name":"Studio Polly - Story Telling","description":"Family photography in the French Alps","publisher":{"@id":"https:\/\/www.studiopolly.com\/fr\/#organization"},"potentialAction":[{"@type":"SearchAction","target":{"@type":"EntryPoint","urlTemplate":"https:\/\/www.studiopolly.com\/fr\/?s={search_term_string}"},"query-input":"required name=search_term_string"}],"inLanguage":"fr-FR"},{"@type":"Organization","@id":"https:\/\/www.studiopolly.com\/fr\/#organization","name":"Studio Polly - Story Telling","url":"https:\/\/www.studiopolly.com\/fr\/","logo":{"@type":"ImageObject","inLanguage":"fr-FR","@id":"https:\/\/www.studiopolly.com\/fr\/#\/schema\/logo\/image\/","url":"https:\/\/www.studiopolly.com\/wp-content\/uploads\/2018\/12\/logo_studio_polly_round.png","contentUrl":"https:\/\/www.studiopolly.com\/wp-content\/uploads\/2018\/12\/logo_studio_polly_round.png","width":340,"height":340,"caption":"Studio Polly - Story Telling"},"image":{"@id":"https:\/\/www.studiopolly.com\/fr\/#\/schema\/logo\/image\/"}}]}},"_links":{"self":[{"href":"https:\/\/www.studiopolly.com\/fr\/wp-json\/wp\/v2\/pages\/1320"}],"collection":[{"href":"https:\/\/www.studiopolly.com\/fr\/wp-json\/wp\/v2\/pages"}],"about":[{"href":"https:\/\/www.studiopolly.com\/fr\/wp-json\/wp\/v2\/types\/page"}],"author":[{"embeddable":true,"href":"https:\/\/www.studiopolly.com\/fr\/wp-json\/wp\/v2\/users\/1"}],"replies":[{"embeddable":true,"href":"https:\/\/www.studiopolly.com\/fr\/wp-json\/wp\/v2\/comments?post=1320"}],"version-history":[{"count":3,"href":"https:\/\/www.studiopolly.com\/fr\/wp-json\/wp\/v2\/pages\/1320\/revisions"}],"predecessor-version":[{"id":1494,"href":"https:\/\/www.studiopolly.com\/fr\/wp-json\/wp\/v2\/pages\/1320\/revisions\/1494"}],"wp:attachment":[{"href":"https:\/\/www.studiopolly.com\/fr\/wp-json\/wp\/v2\/media?parent=1320"}],"curies":[{"name":"wp","href":"https:\/\/api.w.org\/{rel}","templated":true}]}}