{"id":1203,"date":"2025-10-16T09:37:06","date_gmt":"2025-10-16T09:37:06","guid":{"rendered":"https:\/\/www.studiopolly.com\/gift-card\/"},"modified":"2025-11-20T11:44:07","modified_gmt":"2025-11-20T11:44:07","slug":"carte-cadeau","status":"publish","type":"page","link":"https:\/\/www.studiopolly.com\/fr\/carte-cadeau\/","title":{"rendered":"Carte Cadeau"},"content":{"rendered":"\n<h1 class=\"wp-block-heading\">Offrez des Souvenirs de Famille Inoubliables<\/h1>\n\n\n\n<figure class=\"wp-block-image size-large\"><img decoding=\"async\" loading=\"lazy\" width=\"1024\" height=\"683\" src=\"https:\/\/www.studiopolly.com\/wp-content\/uploads\/2025\/11\/gift-card-french-1024x683.jpg\" alt=\"\" class=\"wp-image-1344\" srcset=\"https:\/\/www.studiopolly.com\/wp-content\/uploads\/2025\/11\/gift-card-french-1024x683.jpg 1024w, https:\/\/www.studiopolly.com\/wp-content\/uploads\/2025\/11\/gift-card-french-300x200.jpg 300w, https:\/\/www.studiopolly.com\/wp-content\/uploads\/2025\/11\/gift-card-french-768x512.jpg 768w, https:\/\/www.studiopolly.com\/wp-content\/uploads\/2025\/11\/gift-card-french.jpg 1536w\" sizes=\"(max-width: 1024px) 100vw, 1024px\" \/><\/figure>\n\n\n\n<p>Une carte cadeau <strong>StudioPolly<\/strong> est le cadeau parfait pour les f\u00eates, les anniversaires ou toute occasion sp\u00e9ciale. Offrez des moments de rires, de tendresse et de lumi\u00e8re dor\u00e9e qui dureront toute une vie.<\/p>\n\n\n\n<figure class=\"wp-block-image size-full\"><img decoding=\"async\" loading=\"lazy\" width=\"1024\" height=\"683\" src=\"https:\/\/www.studiopolly.com\/wp-content\/uploads\/2022\/12\/family-ski-holiday-morzine-lake-montriond-winter-kids-french-alps-13.jpg\" alt=\"\" class=\"wp-image-999\" srcset=\"https:\/\/www.studiopolly.com\/wp-content\/uploads\/2022\/12\/family-ski-holiday-morzine-lake-montriond-winter-kids-french-alps-13.jpg 1024w, https:\/\/www.studiopolly.com\/wp-content\/uploads\/2022\/12\/family-ski-holiday-morzine-lake-montriond-winter-kids-french-alps-13-300x200.jpg 300w, https:\/\/www.studiopolly.com\/wp-content\/uploads\/2022\/12\/family-ski-holiday-morzine-lake-montriond-winter-kids-french-alps-13-768x512.jpg 768w\" sizes=\"(max-width: 1024px) 100vw, 1024px\" \/><\/figure>\n\n\n\n<h2 class=\"wp-block-heading\">Comment \u00e7a marche<\/h2>\n\n\n\n<p>Vous pouvez offrir une carte cadeau de deux mani\u00e8res :<\/p>\n\n\n\n<h3 class=\"wp-block-heading\">1. Achat instantan\u00e9<\/h3>\n\n\n\n<p>Choisissez la s\u00e9ance que vous souhaitez offrir, payez en ligne en toute s\u00e9curit\u00e9, et recevez la <strong>carte cadeau num\u00e9rique<\/strong> sous 2 jours ouvr\u00e9s.<\/p>\n\n\n\n<p><strong>S\u00e9ance photo d\u20191 heure \u2013 380\u20ac<\/strong><br>(Pour familles jusqu\u2019\u00e0 6 personnes, couples, s\u00e9ances maternit\u00e9 ou nouveau-n\u00e9. Inclut plus de 35 photos retouch\u00e9es en haute qualit\u00e9.)<\/p>\n\n\n    <a class=\"gutenber_button_a\" href=\"https:\/\/buy.stripe.com\/4gM00d3hK5mb32Vg6eaAw02\" target=\"_blank\" rel=\"noopener\" onclick=\"fbq('track', 'AddToCart');\">\n        <button class=\"gutenber_button\">ACHETER MAINTENANT<\/button>\n    <\/a>\n\n\n\n<p><strong>S\u00e9ance photo de 1h30 \u2013 520\u20ac<\/strong><br>(Pour les r\u00e9unions de famille jusqu\u2019\u00e0 20 personnes. Inclut plus de 60 photos retouch\u00e9es en haute qualit\u00e9.)<\/p>\n\n\n    <a class=\"gutenber_button_a\" href=\"https:\/\/buy.stripe.com\/6oU14h2dG3e38nfg6eaAw03\" target=\"_blank\" rel=\"noopener\" onclick=\"fbq('track', 'AddToCart');\">\n        <button class=\"gutenber_button\">ACHETER MAINTENANT<\/button>\n    <\/a>\n\n\n\n<p>Votre carte cadeau num\u00e9rique, \u00e9l\u00e9gamment con\u00e7ue, vous sera envoy\u00e9e par e-mail sous 2 jours ouvr\u00e9s \u2014 pr\u00eate \u00e0 \u00eatre imprim\u00e9e ou transf\u00e9r\u00e9e au destinataire.<\/p>\n\n\n\n<figure class=\"wp-block-image size-large\"><img decoding=\"async\" loading=\"lazy\" width=\"1024\" height=\"683\" src=\"https:\/\/www.studiopolly.com\/wp-content\/uploads\/2025\/11\/gift-card-french-2-1024x683.jpg\" alt=\"\" class=\"wp-image-1346\" srcset=\"https:\/\/www.studiopolly.com\/wp-content\/uploads\/2025\/11\/gift-card-french-2-1024x683.jpg 1024w, https:\/\/www.studiopolly.com\/wp-content\/uploads\/2025\/11\/gift-card-french-2-300x200.jpg 300w, https:\/\/www.studiopolly.com\/wp-content\/uploads\/2025\/11\/gift-card-french-2-768x512.jpg 768w, https:\/\/www.studiopolly.com\/wp-content\/uploads\/2025\/11\/gift-card-french-2.jpg 1536w\" sizes=\"(max-width: 1024px) 100vw, 1024px\" \/><\/figure>\n\n\n\n<h3 class=\"wp-block-heading\">2. Demande personnalis\u00e9e<\/h3>\n\n\n\n<p>Vous pr\u00e9f\u00e9rez une exp\u00e9rience sur mesure ?<br>Remplissez simplement le formulaire ci-dessous avec vos coordonn\u00e9es, celles du destinataire et toute pr\u00e9cision sur la s\u00e9ance souhait\u00e9e.<\/p>\n\n\n\n<p>Nous vous contacterons rapidement avec un lien de paiement s\u00e9curis\u00e9.<br>Une fois le paiement effectu\u00e9, vous recevrez la <strong>carte cadeau num\u00e9rique<\/strong> sous 2 jours ouvr\u00e9s.<\/p>\n\n\n\n<p>Cette option est id\u00e9ale si vous souhaitez une s\u00e9ance personnalis\u00e9e ou des conseils pour choisir le cadeau parfait.<\/p>\n\n\n\n<p>D\u00e8s r\u00e9ception de la carte, le destinataire pourra r\u00e9server sa s\u00e9ance \u00e0 la date qui lui convient \u2014 pour une exp\u00e9rience vraiment unique.<\/p>\n\n\n\n<figure class=\"wp-block-image size-full\"><img decoding=\"async\" loading=\"lazy\" width=\"1024\" height=\"683\" src=\"https:\/\/www.studiopolly.com\/wp-content\/uploads\/2022\/12\/family-winter-photo-session-in-avoriaz-16.jpg\" alt=\"winter family photo session in Avoriaz\" class=\"wp-image-1051\" srcset=\"https:\/\/www.studiopolly.com\/wp-content\/uploads\/2022\/12\/family-winter-photo-session-in-avoriaz-16.jpg 1024w, https:\/\/www.studiopolly.com\/wp-content\/uploads\/2022\/12\/family-winter-photo-session-in-avoriaz-16-300x200.jpg 300w, https:\/\/www.studiopolly.com\/wp-content\/uploads\/2022\/12\/family-winter-photo-session-in-avoriaz-16-768x512.jpg 768w\" sizes=\"(max-width: 1024px) 100vw, 1024px\" \/><\/figure>\n\n\n\n<h2 class=\"wp-block-heading\">Informations pratiques<\/h2>\n\n\n\n<ul>\n<li><strong>Validit\u00e9 :<\/strong> 12 mois \u00e0 partir de la date d\u2019achat.<\/li>\n\n\n\n<li><strong>Flexibilit\u00e9 :<\/strong> La s\u00e9ance peut \u00eatre r\u00e9serv\u00e9e \u00e0 tout moment pendant la p\u00e9riode de validit\u00e9.<\/li>\n\n\n\n<li><strong>Transf\u00e9rable :<\/strong> Si le destinataire initial ne souhaite pas utiliser la carte, elle peut \u00eatre offerte \u00e0 un proche.<\/li>\n\n\n\n<li><strong>Non remboursable :<\/strong> Les cartes cadeaux ne peuvent pas \u00eatre \u00e9chang\u00e9es contre de l\u2019argent.<\/li>\n\n\n\n<li><strong>Envoi num\u00e9rique :<\/strong> Les cartes sont envoy\u00e9es par e-mail, pr\u00eates \u00e0 \u00eatre imprim\u00e9es ou transf\u00e9r\u00e9es.<\/li>\n<\/ul>\n\n\n\n<p>Nous voulons que chaque carte cadeau soit une belle exp\u00e9rience. Si le destinataire souhaite changer le type de s\u00e9ance ou transf\u00e9rer le cadeau, nous serons heureux d\u2019adapter cela pendant la p\u00e9riode de validit\u00e9.<\/p>\n\n\n\n<h2 class=\"wp-block-heading\">Pourquoi offrir une carte cadeau StudioPolly ?<\/h2>\n\n\n\n<p>Les moments de famille passent vite. Offrez le cadeau de souvenirs \u00e9ternels \u2014 des rires, des c\u00e2lins et des apr\u00e8s-midi dor\u00e9s qui resteront \u00e0 jamais.<br>C\u2019est une belle mani\u00e8re de dire <em>je pense \u00e0 toi<\/em>, que vos proches soient tout pr\u00e8s ou \u00e0 distance.<\/p>\n\n\n\n<figure class=\"wp-block-image size-full\"><img decoding=\"async\" loading=\"lazy\" width=\"1024\" height=\"683\" src=\"https:\/\/www.studiopolly.com\/wp-content\/uploads\/2025\/07\/Wedding-Proposal-Chamonix.jpg\" alt=\"Proposal &amp; Engagement Photographer in Chamonix\" class=\"wp-image-1112\" srcset=\"https:\/\/www.studiopolly.com\/wp-content\/uploads\/2025\/07\/Wedding-Proposal-Chamonix.jpg 1024w, https:\/\/www.studiopolly.com\/wp-content\/uploads\/2025\/07\/Wedding-Proposal-Chamonix-300x200.jpg 300w, https:\/\/www.studiopolly.com\/wp-content\/uploads\/2025\/07\/Wedding-Proposal-Chamonix-768x512.jpg 768w\" sizes=\"(max-width: 1024px) 100vw, 1024px\" \/><\/figure>\n\n\n\n<h2 class=\"wp-block-heading\">Formulaire de demande de carte cadeau<\/h2>\n\n\n\n<p>Merci de remplir le formulaire ci-dessous.<br>Nous vous contacterons rapidement avec un lien de paiement s\u00e9curis\u00e9, suivi de votre carte cadeau num\u00e9rique.<\/p>\n\n\n<style id=\"wpforms-css-vars-1206-block-515f907d-dc33-4700-a667-2b194fa870e6\">\n\t\t\t\t#wpforms-1206.wpforms-block-515f907d-dc33-4700-a667-2b194fa870e6 {\n\t\t\t\t--wpforms-field-size-input-height: 43px;\n--wpforms-field-size-input-spacing: 15px;\n--wpforms-field-size-font-size: 16px;\n--wpforms-field-size-line-height: 19px;\n--wpforms-field-size-padding-h: 14px;\n--wpforms-field-size-checkbox-size: 16px;\n--wpforms-field-size-sublabel-spacing: 5px;\n--wpforms-field-size-icon-size: 1;\n--wpforms-label-size-font-size: 16px;\n--wpforms-label-size-line-height: 19px;\n--wpforms-label-size-sublabel-font-size: 14px;\n--wpforms-label-size-sublabel-line-height: 17px;\n--wpforms-button-size-font-size: 17px;\n--wpforms-button-size-height: 41px;\n--wpforms-button-size-padding-h: 15px;\n--wpforms-button-size-margin-top: 10px;\n\t\t\t}\n\t\t\t<\/style><div class=\"wpforms-container wpforms-container-full wpforms-block wpforms-block-515f907d-dc33-4700-a667-2b194fa870e6 wpforms-render-modern\" id=\"wpforms-1206\"><form id=\"wpforms-form-1206\" class=\"wpforms-validate wpforms-form wpforms-ajax-form\" data-formid=\"1206\" method=\"post\" enctype=\"multipart\/form-data\" action=\"\/fr\/wp-json\/wp\/v2\/pages\/1203\" data-token=\"8e6c1ab148fc3be5fcbf85e0cd1780c7\" data-token-time=\"1778332050\"><noscript class=\"wpforms-error-noscript\">Veuillez activer JavaScript dans votre navigateur pour remplir ce formulaire.<\/noscript><div id=\"wpforms-error-noscript\" style=\"display: none;\">Veuillez activer JavaScript dans votre navigateur pour remplir ce formulaire.<\/div><div class=\"wpforms-field-container\"><div id=\"wpforms-1206-field_1-container\" class=\"wpforms-field wpforms-field-name\" data-field-id=\"1\"><label class=\"wpforms-field-label\" for=\"wpforms-1206-field_1\">Votre nom <span class=\"wpforms-required-label\" aria-hidden=\"true\">*<\/span><\/label><input type=\"text\" id=\"wpforms-1206-field_1\" class=\"wpforms-field-medium wpforms-field-required\" name=\"wpforms[fields][1]\" placeholder=\"Votre nom\" aria-errormessage=\"wpforms-1206-field_1-error\" required><\/div><div id=\"wpforms-1206-field_2-container\" class=\"wpforms-field wpforms-field-email\" data-field-id=\"2\"><label class=\"wpforms-field-label\" for=\"wpforms-1206-field_2\">Votre e-mail <span class=\"wpforms-required-label\" aria-hidden=\"true\">*<\/span><\/label><input type=\"email\" id=\"wpforms-1206-field_2\" class=\"wpforms-field-medium wpforms-field-required\" name=\"wpforms[fields][2]\" placeholder=\"Votre e-mail\" spellcheck=\"false\" aria-errormessage=\"wpforms-1206-field_2-error\" required><\/div>\t\t<div id=\"wpforms-1206-field_4-container\"\n\t\t\tclass=\"wpforms-field wpforms-field-text\"\n\t\t\tdata-field-type=\"text\"\n\t\t\tdata-field-id=\"4\"\n\t\t\t>\n\t\t\t<label class=\"wpforms-field-label\" for=\"wpforms-1206-field_4\" >destinataire destinataire e-mail<\/label>\n\t\t\t<input type=\"text\" id=\"wpforms-1206-field_4\" class=\"wpforms-field-medium\" name=\"wpforms[fields][4]\" >\n\t\t<\/div>\n\t\t<div id=\"wpforms-1206-field_5-container\" class=\"wpforms-field wpforms-field-text\" data-field-id=\"5\"><label class=\"wpforms-field-label\" for=\"wpforms-1206-field_5\">Nom du destinataire<\/label><input type=\"text\" id=\"wpforms-1206-field_5\" class=\"wpforms-field-medium\" name=\"wpforms[fields][5]\" placeholder=\"Nom du destinataire\" aria-errormessage=\"wpforms-1206-field_5-error\" ><\/div><div id=\"wpforms-1206-field_6-container\" class=\"wpforms-field wpforms-field-text\" data-field-id=\"6\"><label class=\"wpforms-field-label\" for=\"wpforms-1206-field_6\">E-mail du destinataire<\/label><input type=\"text\" id=\"wpforms-1206-field_6\" class=\"wpforms-field-medium\" name=\"wpforms[fields][6]\" placeholder=\"E-mail du destinataire\" aria-errormessage=\"wpforms-1206-field_6-error\" ><\/div><div id=\"wpforms-1206-field_9-container\" class=\"wpforms-field wpforms-field-select wpforms-field-select-style-classic\" data-field-id=\"9\"><label class=\"wpforms-field-label\" for=\"wpforms-1206-field_9\">Type de carte cadeau<\/label><select id=\"wpforms-1206-field_9\" class=\"wpforms-field-medium\" name=\"wpforms[fields][9]\"><option value=\"\" class=\"placeholder\" disabled  selected='selected'>Choisissez une option<\/option><option value=\"S\u00e9ance photo 1 h \u2013 jusqu\u2019\u00e0 6 personnes \u2013 380 \u20ac\"  class=\"choice-1 depth-1\"  >S\u00e9ance photo 1 h \u2013 jusqu\u2019\u00e0 6 personnes \u2013 380 \u20ac<\/option><option value=\"S\u00e9ance photo 1 h 30 \u2013 jusqu\u2019\u00e0 20 personnes \u2013 520 \u20ac\"  class=\"choice-2 depth-1\"  >S\u00e9ance photo 1 h 30 \u2013 jusqu\u2019\u00e0 20 personnes \u2013 520 \u20ac<\/option><\/select><\/div><div id=\"wpforms-1206-field_3-container\" class=\"wpforms-field wpforms-field-textarea\" data-field-id=\"3\"><label class=\"wpforms-field-label\" for=\"wpforms-1206-field_3\">Remarques \/ Demandes particuli\u00e8res<\/label><textarea id=\"wpforms-1206-field_3\" class=\"wpforms-field-medium\" name=\"wpforms[fields][3]\" placeholder=\"Texte libre\" aria-errormessage=\"wpforms-1206-field_3-error\" ><\/textarea><\/div><script>\n\t\t\t\t( function() {\n\t\t\t\t\tconst style = document.createElement( 'style' );\n\t\t\t\t\tstyle.appendChild( document.createTextNode( '#wpforms-1206-field_4-container { position: absolute !important; overflow: hidden !important; display: inline !important; height: 1px !important; width: 1px !important; z-index: -1000 !important; padding: 0 !important; } #wpforms-1206-field_4-container input { visibility: hidden; } #wpforms-conversational-form-page #wpforms-1206-field_4-container label { counter-increment: none; }' ) );\n\t\t\t\t\tdocument.head.appendChild( style );\n\t\t\t\t\tdocument.currentScript?.remove();\n\t\t\t\t} )();\n\t\t\t<\/script><\/div><!-- .wpforms-field-container --><div class=\"wpforms-submit-container\" ><input type=\"hidden\" name=\"wpforms[id]\" value=\"1206\"><input type=\"hidden\" name=\"page_title\" value=\"\"><input type=\"hidden\" name=\"page_url\" value=\"https:\/\/www.studiopolly.com\/fr\/wp-json\/wp\/v2\/pages\/1203\"><input type=\"hidden\" name=\"url_referer\" value=\"\"><button type=\"submit\" name=\"wpforms[submit]\" id=\"wpforms-submit-1206\" class=\"wpforms-submit\" data-alt-text=\"Sending...\" data-submit-text=\"Envoyer\" aria-live=\"assertive\" value=\"wpforms-submit\">Envoyer<\/button><img decoding=\"async\" loading=\"lazy\" src=\"https:\/\/www.studiopolly.com\/wp-content\/plugins\/wpforms-lite\/assets\/images\/submit-spin.svg\" class=\"wpforms-submit-spinner\" style=\"display: none;\" width=\"26\" height=\"26\" alt=\"Chargement en cours\"><\/div><input type=\"hidden\" id=\"ct_checkjs_wpforms_82aa4b0af34c2313a562076992e50aa3\" name=\"ct_checkjs_wpforms\" value=\"0\" \/><script>setTimeout(function(){var ct_input_name = \"ct_checkjs_wpforms_82aa4b0af34c2313a562076992e50aa3\";if (document.getElementById(ct_input_name) !== null) {var ct_input_value = document.getElementById(ct_input_name).value;document.getElementById(ct_input_name).value = document.getElementById(ct_input_name).value.replace(ct_input_value, '217401238');}}, 1000);<\/script><input\n                    class=\"apbct_special_field apbct_email_id__wp_wpforms\"\n                    name=\"apbct__email_id__wp_wpforms\"\n                    aria-label=\"apbct__label_id__wp_wpforms\"\n                    type=\"text\" size=\"30\" maxlength=\"200\" autocomplete=\"off\"\n                    value=\"\"\n                \/><\/form><\/div>  <!-- .wpforms-container -->","protected":false},"excerpt":{"rendered":"<p>Offrez des Souvenirs de Famille Inoubliables Une carte cadeau StudioPolly est le cadeau parfait pour les f\u00eates, les anniversaires ou toute occasion sp\u00e9ciale. Offrez des moments de rires, de tendresse et de lumi\u00e8re dor\u00e9e qui dureront toute une vie. Comment \u00e7a marche Vous pouvez offrir une carte cadeau de deux mani\u00e8res : 1. Achat instantan\u00e9 [&hellip;]<\/p>\n","protected":false},"author":1,"featured_media":0,"parent":0,"menu_order":0,"comment_status":"closed","ping_status":"closed","template":"","meta":{"footnotes":""},"acf":[],"yoast_head":"<!-- This site is optimized with the Yoast SEO plugin v21.1 - https:\/\/yoast.com\/wordpress\/plugins\/seo\/ -->\n<title>Carte Cadeau<\/title>\n<meta name=\"robots\" content=\"index, follow, max-snippet:-1, max-image-preview:large, max-video-preview:-1\" \/>\n<link rel=\"canonical\" href=\"https:\/\/www.studiopolly.com\/fr\/carte-cadeau\/\" \/>\n<meta property=\"og:locale\" content=\"fr_FR\" \/>\n<meta property=\"og:type\" content=\"article\" \/>\n<meta property=\"og:title\" content=\"Carte Cadeau\" \/>\n<meta property=\"og:description\" content=\"Offrez des Souvenirs de Famille Inoubliables Une carte cadeau StudioPolly est le cadeau parfait pour les f\u00eates, les anniversaires ou toute occasion sp\u00e9ciale. Offrez des moments de rires, de tendresse et de lumi\u00e8re dor\u00e9e qui dureront toute une vie. Comment \u00e7a marche Vous pouvez offrir une carte cadeau de deux mani\u00e8res : 1. Achat instantan\u00e9 [&hellip;]\" \/>\n<meta property=\"og:url\" content=\"https:\/\/www.studiopolly.com\/fr\/carte-cadeau\/\" \/>\n<meta property=\"og:site_name\" content=\"Studio Polly - Story Telling\" \/>\n<meta property=\"article:modified_time\" content=\"2025-11-20T11:44:07+00:00\" \/>\n<meta property=\"og:image\" content=\"https:\/\/www.studiopolly.com\/wp-content\/uploads\/2025\/11\/gift-card-french-1024x683.jpg\" \/>\n<meta name=\"twitter:card\" content=\"summary_large_image\" \/>\n<meta name=\"twitter:label1\" content=\"Dur\u00e9e de lecture estim\u00e9e\" \/>\n\t<meta name=\"twitter:data1\" content=\"3 minutes\" \/>\n<script type=\"application\/ld+json\" class=\"yoast-schema-graph\">{\"@context\":\"https:\/\/schema.org\",\"@graph\":[{\"@type\":\"WebPage\",\"@id\":\"https:\/\/www.studiopolly.com\/fr\/carte-cadeau\/\",\"url\":\"https:\/\/www.studiopolly.com\/fr\/carte-cadeau\/\",\"name\":\"Carte Cadeau\",\"isPartOf\":{\"@id\":\"https:\/\/www.studiopolly.com\/fr\/#website\"},\"datePublished\":\"2025-10-16T09:37:06+00:00\",\"dateModified\":\"2025-11-20T11:44:07+00:00\",\"breadcrumb\":{\"@id\":\"https:\/\/www.studiopolly.com\/fr\/carte-cadeau\/#breadcrumb\"},\"inLanguage\":\"fr-FR\",\"potentialAction\":[{\"@type\":\"ReadAction\",\"target\":[\"https:\/\/www.studiopolly.com\/fr\/carte-cadeau\/\"]}]},{\"@type\":\"BreadcrumbList\",\"@id\":\"https:\/\/www.studiopolly.com\/fr\/carte-cadeau\/#breadcrumb\",\"itemListElement\":[{\"@type\":\"ListItem\",\"position\":1,\"name\":\"Home\",\"item\":\"https:\/\/www.studiopolly.com\/fr\/\"},{\"@type\":\"ListItem\",\"position\":2,\"name\":\"Carte Cadeau\"}]},{\"@type\":\"WebSite\",\"@id\":\"https:\/\/www.studiopolly.com\/fr\/#website\",\"url\":\"https:\/\/www.studiopolly.com\/fr\/\",\"name\":\"Studio Polly - Story Telling\",\"description\":\"Family photography in the French Alps\",\"publisher\":{\"@id\":\"https:\/\/www.studiopolly.com\/fr\/#organization\"},\"potentialAction\":[{\"@type\":\"SearchAction\",\"target\":{\"@type\":\"EntryPoint\",\"urlTemplate\":\"https:\/\/www.studiopolly.com\/fr\/?s={search_term_string}\"},\"query-input\":\"required name=search_term_string\"}],\"inLanguage\":\"fr-FR\"},{\"@type\":\"Organization\",\"@id\":\"https:\/\/www.studiopolly.com\/fr\/#organization\",\"name\":\"Studio Polly - Story Telling\",\"url\":\"https:\/\/www.studiopolly.com\/fr\/\",\"logo\":{\"@type\":\"ImageObject\",\"inLanguage\":\"fr-FR\",\"@id\":\"https:\/\/www.studiopolly.com\/fr\/#\/schema\/logo\/image\/\",\"url\":\"https:\/\/www.studiopolly.com\/wp-content\/uploads\/2018\/12\/logo_studio_polly_round.png\",\"contentUrl\":\"https:\/\/www.studiopolly.com\/wp-content\/uploads\/2018\/12\/logo_studio_polly_round.png\",\"width\":340,\"height\":340,\"caption\":\"Studio Polly - Story Telling\"},\"image\":{\"@id\":\"https:\/\/www.studiopolly.com\/fr\/#\/schema\/logo\/image\/\"}}]}<\/script>\n<!-- \/ Yoast SEO plugin. -->","yoast_head_json":{"title":"Carte Cadeau","robots":{"index":"index","follow":"follow","max-snippet":"max-snippet:-1","max-image-preview":"max-image-preview:large","max-video-preview":"max-video-preview:-1"},"canonical":"https:\/\/www.studiopolly.com\/fr\/carte-cadeau\/","og_locale":"fr_FR","og_type":"article","og_title":"Carte Cadeau","og_description":"Offrez des Souvenirs de Famille Inoubliables Une carte cadeau StudioPolly est le cadeau parfait pour les f\u00eates, les anniversaires ou toute occasion sp\u00e9ciale. Offrez des moments de rires, de tendresse et de lumi\u00e8re dor\u00e9e qui dureront toute une vie. Comment \u00e7a marche Vous pouvez offrir une carte cadeau de deux mani\u00e8res : 1. Achat instantan\u00e9 [&hellip;]","og_url":"https:\/\/www.studiopolly.com\/fr\/carte-cadeau\/","og_site_name":"Studio Polly - Story Telling","article_modified_time":"2025-11-20T11:44:07+00:00","og_image":[{"url":"https:\/\/www.studiopolly.com\/wp-content\/uploads\/2025\/11\/gift-card-french-1024x683.jpg"}],"twitter_card":"summary_large_image","twitter_misc":{"Dur\u00e9e de lecture estim\u00e9e":"3 minutes"},"schema":{"@context":"https:\/\/schema.org","@graph":[{"@type":"WebPage","@id":"https:\/\/www.studiopolly.com\/fr\/carte-cadeau\/","url":"https:\/\/www.studiopolly.com\/fr\/carte-cadeau\/","name":"Carte Cadeau","isPartOf":{"@id":"https:\/\/www.studiopolly.com\/fr\/#website"},"datePublished":"2025-10-16T09:37:06+00:00","dateModified":"2025-11-20T11:44:07+00:00","breadcrumb":{"@id":"https:\/\/www.studiopolly.com\/fr\/carte-cadeau\/#breadcrumb"},"inLanguage":"fr-FR","potentialAction":[{"@type":"ReadAction","target":["https:\/\/www.studiopolly.com\/fr\/carte-cadeau\/"]}]},{"@type":"BreadcrumbList","@id":"https:\/\/www.studiopolly.com\/fr\/carte-cadeau\/#breadcrumb","itemListElement":[{"@type":"ListItem","position":1,"name":"Home","item":"https:\/\/www.studiopolly.com\/fr\/"},{"@type":"ListItem","position":2,"name":"Carte Cadeau"}]},{"@type":"WebSite","@id":"https:\/\/www.studiopolly.com\/fr\/#website","url":"https:\/\/www.studiopolly.com\/fr\/","name":"Studio Polly - Story Telling","description":"Family photography in the French Alps","publisher":{"@id":"https:\/\/www.studiopolly.com\/fr\/#organization"},"potentialAction":[{"@type":"SearchAction","target":{"@type":"EntryPoint","urlTemplate":"https:\/\/www.studiopolly.com\/fr\/?s={search_term_string}"},"query-input":"required name=search_term_string"}],"inLanguage":"fr-FR"},{"@type":"Organization","@id":"https:\/\/www.studiopolly.com\/fr\/#organization","name":"Studio Polly - Story Telling","url":"https:\/\/www.studiopolly.com\/fr\/","logo":{"@type":"ImageObject","inLanguage":"fr-FR","@id":"https:\/\/www.studiopolly.com\/fr\/#\/schema\/logo\/image\/","url":"https:\/\/www.studiopolly.com\/wp-content\/uploads\/2018\/12\/logo_studio_polly_round.png","contentUrl":"https:\/\/www.studiopolly.com\/wp-content\/uploads\/2018\/12\/logo_studio_polly_round.png","width":340,"height":340,"caption":"Studio Polly - Story Telling"},"image":{"@id":"https:\/\/www.studiopolly.com\/fr\/#\/schema\/logo\/image\/"}}]}},"_links":{"self":[{"href":"https:\/\/www.studiopolly.com\/fr\/wp-json\/wp\/v2\/pages\/1203"}],"collection":[{"href":"https:\/\/www.studiopolly.com\/fr\/wp-json\/wp\/v2\/pages"}],"about":[{"href":"https:\/\/www.studiopolly.com\/fr\/wp-json\/wp\/v2\/types\/page"}],"author":[{"embeddable":true,"href":"https:\/\/www.studiopolly.com\/fr\/wp-json\/wp\/v2\/users\/1"}],"replies":[{"embeddable":true,"href":"https:\/\/www.studiopolly.com\/fr\/wp-json\/wp\/v2\/comments?post=1203"}],"version-history":[{"count":19,"href":"https:\/\/www.studiopolly.com\/fr\/wp-json\/wp\/v2\/pages\/1203\/revisions"}],"predecessor-version":[{"id":1695,"href":"https:\/\/www.studiopolly.com\/fr\/wp-json\/wp\/v2\/pages\/1203\/revisions\/1695"}],"wp:attachment":[{"href":"https:\/\/www.studiopolly.com\/fr\/wp-json\/wp\/v2\/media?parent=1203"}],"curies":[{"name":"wp","href":"https:\/\/api.w.org\/{rel}","templated":true}]}}