{"id":1073,"date":"2023-12-18T14:58:43","date_gmt":"2023-12-18T14:58:43","guid":{"rendered":"https:\/\/www.studiopolly.com\/?page_id=1073"},"modified":"2023-12-18T15:28:33","modified_gmt":"2023-12-18T15:28:33","slug":"noel-a-la-creche","status":"publish","type":"page","link":"https:\/\/www.studiopolly.com\/fr\/noel-a-la-creche\/","title":{"rendered":"No\u00ebl \u00e0 la cr\u00e8che"},"content":{"rendered":"\n<p>Merci \u00e0 tous ceux qui ont particip\u00e9 \u00e0 notre s\u00e9ance photo de No\u00ebl. Votre joie a rendu ces moments sp\u00e9ciaux. N&rsquo;h\u00e9sitez pas \u00e0 profiter, t\u00e9l\u00e9charger et imprimer ces souvenirs. Nous sommes ravis de contribuer \u00e0 vos moments familiaux et nous sommes pr\u00eats pour de futurs projets photo et vid\u00e9o professionnels. <\/p>\n\n\n\n<p>Joyeuses f\u00eates !<\/p>\n\n\n\n<p>Reuben et Polly<br><a href=\"https:\/\/www.studiopolly.com\/fr\/\">StudioPolly.com<\/a> &amp; <a href=\"https:\/\/www.thestorycrafters.com\/fr\/\">TheStoryCrafters.com<\/a><\/p>\n","protected":false},"excerpt":{"rendered":"<p>Merci \u00e0 tous ceux qui ont particip\u00e9 \u00e0 notre s\u00e9ance photo de No\u00ebl. Votre joie a rendu ces moments sp\u00e9ciaux. N&rsquo;h\u00e9sitez pas \u00e0 profiter, t\u00e9l\u00e9charger et imprimer ces souvenirs. Nous sommes ravis de contribuer \u00e0 vos moments familiaux et nous sommes pr\u00eats pour de futurs projets photo et vid\u00e9o professionnels. Joyeuses f\u00eates ! Reuben et [&hellip;]<\/p>\n","protected":false},"author":1,"featured_media":584,"parent":0,"menu_order":0,"comment_status":"closed","ping_status":"closed","template":"page-creche.php","meta":{"footnotes":""},"acf":[],"yoast_head":"<!-- This site is optimized with the Yoast SEO plugin v21.1 - https:\/\/yoast.com\/wordpress\/plugins\/seo\/ -->\n<title>No\u00ebl \u00e0 la cr\u00e8che<\/title>\n<meta name=\"robots\" content=\"index, follow, max-snippet:-1, max-image-preview:large, max-video-preview:-1\" \/>\n<link rel=\"canonical\" href=\"https:\/\/www.studiopolly.com\/fr\/noel-a-la-creche\/\" \/>\n<meta property=\"og:locale\" content=\"fr_FR\" \/>\n<meta property=\"og:type\" content=\"article\" \/>\n<meta property=\"og:title\" content=\"No\u00ebl \u00e0 la cr\u00e8che\" \/>\n<meta property=\"og:description\" content=\"Merci \u00e0 tous ceux qui ont particip\u00e9 \u00e0 notre s\u00e9ance photo de No\u00ebl. Votre joie a rendu ces moments sp\u00e9ciaux. N&rsquo;h\u00e9sitez pas \u00e0 profiter, t\u00e9l\u00e9charger et imprimer ces souvenirs. Nous sommes ravis de contribuer \u00e0 vos moments familiaux et nous sommes pr\u00eats pour de futurs projets photo et vid\u00e9o professionnels. Joyeuses f\u00eates ! Reuben et [&hellip;]\" \/>\n<meta property=\"og:url\" content=\"https:\/\/www.studiopolly.com\/fr\/noel-a-la-creche\/\" \/>\n<meta property=\"og:site_name\" content=\"Studio Polly - Story Telling\" \/>\n<meta property=\"article:modified_time\" content=\"2023-12-18T15:28:33+00:00\" \/>\n<meta property=\"og:image\" content=\"https:\/\/www.studiopolly.com\/wp-content\/uploads\/2018\/12\/family_throwing_snow_balls_avoriaz.jpg\" \/>\n\t<meta property=\"og:image:width\" content=\"1920\" \/>\n\t<meta property=\"og:image:height\" content=\"1283\" \/>\n\t<meta property=\"og:image:type\" content=\"image\/jpeg\" \/>\n<meta name=\"twitter:card\" content=\"summary_large_image\" \/>\n<meta name=\"twitter:label1\" content=\"Dur\u00e9e de lecture estim\u00e9e\" \/>\n\t<meta name=\"twitter:data1\" content=\"1 minute\" \/>\n<script type=\"application\/ld+json\" class=\"yoast-schema-graph\">{\"@context\":\"https:\/\/schema.org\",\"@graph\":[{\"@type\":\"WebPage\",\"@id\":\"https:\/\/www.studiopolly.com\/fr\/noel-a-la-creche\/\",\"url\":\"https:\/\/www.studiopolly.com\/fr\/noel-a-la-creche\/\",\"name\":\"No\u00ebl \u00e0 la cr\u00e8che\",\"isPartOf\":{\"@id\":\"https:\/\/www.studiopolly.com\/fr\/#website\"},\"datePublished\":\"2023-12-18T14:58:43+00:00\",\"dateModified\":\"2023-12-18T15:28:33+00:00\",\"breadcrumb\":{\"@id\":\"https:\/\/www.studiopolly.com\/fr\/noel-a-la-creche\/#breadcrumb\"},\"inLanguage\":\"fr-FR\",\"potentialAction\":[{\"@type\":\"ReadAction\",\"target\":[\"https:\/\/www.studiopolly.com\/fr\/noel-a-la-creche\/\"]}]},{\"@type\":\"BreadcrumbList\",\"@id\":\"https:\/\/www.studiopolly.com\/fr\/noel-a-la-creche\/#breadcrumb\",\"itemListElement\":[{\"@type\":\"ListItem\",\"position\":1,\"name\":\"Home\",\"item\":\"https:\/\/www.studiopolly.com\/fr\/\"},{\"@type\":\"ListItem\",\"position\":2,\"name\":\"No\u00ebl \u00e0 la cr\u00e8che\"}]},{\"@type\":\"WebSite\",\"@id\":\"https:\/\/www.studiopolly.com\/fr\/#website\",\"url\":\"https:\/\/www.studiopolly.com\/fr\/\",\"name\":\"Studio Polly - Story Telling\",\"description\":\"Family photography in the French Alps\",\"publisher\":{\"@id\":\"https:\/\/www.studiopolly.com\/fr\/#organization\"},\"potentialAction\":[{\"@type\":\"SearchAction\",\"target\":{\"@type\":\"EntryPoint\",\"urlTemplate\":\"https:\/\/www.studiopolly.com\/fr\/?s={search_term_string}\"},\"query-input\":\"required name=search_term_string\"}],\"inLanguage\":\"fr-FR\"},{\"@type\":\"Organization\",\"@id\":\"https:\/\/www.studiopolly.com\/fr\/#organization\",\"name\":\"Studio Polly - Story Telling\",\"url\":\"https:\/\/www.studiopolly.com\/fr\/\",\"logo\":{\"@type\":\"ImageObject\",\"inLanguage\":\"fr-FR\",\"@id\":\"https:\/\/www.studiopolly.com\/fr\/#\/schema\/logo\/image\/\",\"url\":\"https:\/\/www.studiopolly.com\/wp-content\/uploads\/2018\/12\/logo_studio_polly_round.png\",\"contentUrl\":\"https:\/\/www.studiopolly.com\/wp-content\/uploads\/2018\/12\/logo_studio_polly_round.png\",\"width\":340,\"height\":340,\"caption\":\"Studio Polly - Story Telling\"},\"image\":{\"@id\":\"https:\/\/www.studiopolly.com\/fr\/#\/schema\/logo\/image\/\"}}]}<\/script>\n<!-- \/ Yoast SEO plugin. -->","yoast_head_json":{"title":"No\u00ebl \u00e0 la cr\u00e8che","robots":{"index":"index","follow":"follow","max-snippet":"max-snippet:-1","max-image-preview":"max-image-preview:large","max-video-preview":"max-video-preview:-1"},"canonical":"https:\/\/www.studiopolly.com\/fr\/noel-a-la-creche\/","og_locale":"fr_FR","og_type":"article","og_title":"No\u00ebl \u00e0 la cr\u00e8che","og_description":"Merci \u00e0 tous ceux qui ont particip\u00e9 \u00e0 notre s\u00e9ance photo de No\u00ebl. Votre joie a rendu ces moments sp\u00e9ciaux. N&rsquo;h\u00e9sitez pas \u00e0 profiter, t\u00e9l\u00e9charger et imprimer ces souvenirs. Nous sommes ravis de contribuer \u00e0 vos moments familiaux et nous sommes pr\u00eats pour de futurs projets photo et vid\u00e9o professionnels. Joyeuses f\u00eates ! Reuben et [&hellip;]","og_url":"https:\/\/www.studiopolly.com\/fr\/noel-a-la-creche\/","og_site_name":"Studio Polly - Story Telling","article_modified_time":"2023-12-18T15:28:33+00:00","og_image":[{"width":1920,"height":1283,"url":"https:\/\/www.studiopolly.com\/wp-content\/uploads\/2018\/12\/family_throwing_snow_balls_avoriaz.jpg","type":"image\/jpeg"}],"twitter_card":"summary_large_image","twitter_misc":{"Dur\u00e9e de lecture estim\u00e9e":"1 minute"},"schema":{"@context":"https:\/\/schema.org","@graph":[{"@type":"WebPage","@id":"https:\/\/www.studiopolly.com\/fr\/noel-a-la-creche\/","url":"https:\/\/www.studiopolly.com\/fr\/noel-a-la-creche\/","name":"No\u00ebl \u00e0 la cr\u00e8che","isPartOf":{"@id":"https:\/\/www.studiopolly.com\/fr\/#website"},"datePublished":"2023-12-18T14:58:43+00:00","dateModified":"2023-12-18T15:28:33+00:00","breadcrumb":{"@id":"https:\/\/www.studiopolly.com\/fr\/noel-a-la-creche\/#breadcrumb"},"inLanguage":"fr-FR","potentialAction":[{"@type":"ReadAction","target":["https:\/\/www.studiopolly.com\/fr\/noel-a-la-creche\/"]}]},{"@type":"BreadcrumbList","@id":"https:\/\/www.studiopolly.com\/fr\/noel-a-la-creche\/#breadcrumb","itemListElement":[{"@type":"ListItem","position":1,"name":"Home","item":"https:\/\/www.studiopolly.com\/fr\/"},{"@type":"ListItem","position":2,"name":"No\u00ebl \u00e0 la cr\u00e8che"}]},{"@type":"WebSite","@id":"https:\/\/www.studiopolly.com\/fr\/#website","url":"https:\/\/www.studiopolly.com\/fr\/","name":"Studio Polly - Story Telling","description":"Family photography in the French Alps","publisher":{"@id":"https:\/\/www.studiopolly.com\/fr\/#organization"},"potentialAction":[{"@type":"SearchAction","target":{"@type":"EntryPoint","urlTemplate":"https:\/\/www.studiopolly.com\/fr\/?s={search_term_string}"},"query-input":"required name=search_term_string"}],"inLanguage":"fr-FR"},{"@type":"Organization","@id":"https:\/\/www.studiopolly.com\/fr\/#organization","name":"Studio Polly - Story Telling","url":"https:\/\/www.studiopolly.com\/fr\/","logo":{"@type":"ImageObject","inLanguage":"fr-FR","@id":"https:\/\/www.studiopolly.com\/fr\/#\/schema\/logo\/image\/","url":"https:\/\/www.studiopolly.com\/wp-content\/uploads\/2018\/12\/logo_studio_polly_round.png","contentUrl":"https:\/\/www.studiopolly.com\/wp-content\/uploads\/2018\/12\/logo_studio_polly_round.png","width":340,"height":340,"caption":"Studio Polly - Story Telling"},"image":{"@id":"https:\/\/www.studiopolly.com\/fr\/#\/schema\/logo\/image\/"}}]}},"_links":{"self":[{"href":"https:\/\/www.studiopolly.com\/fr\/wp-json\/wp\/v2\/pages\/1073"}],"collection":[{"href":"https:\/\/www.studiopolly.com\/fr\/wp-json\/wp\/v2\/pages"}],"about":[{"href":"https:\/\/www.studiopolly.com\/fr\/wp-json\/wp\/v2\/types\/page"}],"author":[{"embeddable":true,"href":"https:\/\/www.studiopolly.com\/fr\/wp-json\/wp\/v2\/users\/1"}],"replies":[{"embeddable":true,"href":"https:\/\/www.studiopolly.com\/fr\/wp-json\/wp\/v2\/comments?post=1073"}],"version-history":[{"count":9,"href":"https:\/\/www.studiopolly.com\/fr\/wp-json\/wp\/v2\/pages\/1073\/revisions"}],"predecessor-version":[{"id":1086,"href":"https:\/\/www.studiopolly.com\/fr\/wp-json\/wp\/v2\/pages\/1073\/revisions\/1086"}],"wp:featuredmedia":[{"embeddable":true,"href":"https:\/\/www.studiopolly.com\/fr\/wp-json\/wp\/v2\/media\/584"}],"wp:attachment":[{"href":"https:\/\/www.studiopolly.com\/fr\/wp-json\/wp\/v2\/media?parent=1073"}],"curies":[{"name":"wp","href":"https:\/\/api.w.org\/{rel}","templated":true}]}}